{"id":367,"date":"2014-07-21T15:59:54","date_gmt":"2014-07-21T15:59:54","guid":{"rendered":"http:\/\/192.168.1.104\/restaurant-op\/?page_id=367"},"modified":"2024-01-17T19:31:27","modified_gmt":"2024-01-17T19:31:27","slug":"kwiaty","status":"publish","type":"page","link":"https:\/\/kwiaciarniazywiec.pl\/","title":{"rendered":"Kwiaty"},"content":{"rendered":"\n\n\n<\/p>\n\n","protected":false},"excerpt":{"rendered":"","protected":false},"author":1,"featured_media":0,"parent":0,"menu_order":0,"comment_status":"open","ping_status":"open","template":"","meta":{"spay_email":""},"yoast_head":"<!-- This site is optimized with the Yoast SEO plugin v18.3 - https:\/\/yoast.com\/wordpress\/plugins\/seo\/ -->\n<title>Kwiaciarnia \u017bywiec - Magia Kwiat\u00f3w Ma\u0142gorzata Dudek<\/title>\n<meta name=\"description\" content=\"Kwiaciarnia \u017bywiec Magia Kwiat\u00f3w jak nazwa m\u00f3wi jest to miejsce magiczne. Dostawa kwiat\u00f3w \u017bywiec i okolice, zam\u00f3w kwiaty online, wy\u015blij kwiaty \u017bywiec.\" \/>\n<meta name=\"robots\" content=\"index, follow, max-snippet:-1, max-image-preview:large, max-video-preview:-1\" \/>\n<link rel=\"canonical\" href=\"https:\/\/kwiaciarniazywiec.pl\/?page_id=367\" \/>\n<meta property=\"og:locale\" content=\"pl_PL\" \/>\n<meta property=\"og:type\" content=\"article\" \/>\n<meta property=\"og:title\" content=\"Kwiaciarnia \u017bywiec - Magia Kwiat\u00f3w Ma\u0142gorzata Dudek\" \/>\n<meta property=\"og:description\" content=\"Kwiaciarnia \u017bywiec Magia Kwiat\u00f3w jak nazwa m\u00f3wi jest to miejsce magiczne. Dostawa kwiat\u00f3w \u017bywiec i okolice, zam\u00f3w kwiaty online, wy\u015blij kwiaty \u017bywiec.\" \/>\n<meta property=\"og:url\" content=\"https:\/\/kwiaciarniazywiec.pl\/?page_id=367\" \/>\n<meta property=\"og:site_name\" content=\"Kwiaciarnia \u017bywiec - Magia Kwiat&oacute;w Ma\u0142gorzata Dudek\" \/>\n<meta property=\"article:publisher\" content=\"https:\/\/www.facebook.com\/pages\/Magia-Kwiat%c3%b3w\/940651889279265?ref=hl\" \/>\n<meta property=\"article:modified_time\" content=\"2024-01-17T19:31:27+00:00\" \/>\n<meta property=\"og:image\" content=\"https:\/\/kwiaciarniazywiec.pl\/wp-content\/uploads\/2019\/01\/flogo_rgb_hex-brc-site-250-80x80.png\" \/>\n<meta name=\"twitter:card\" content=\"summary\" \/>\n<meta name=\"twitter:label1\" content=\"Szacowany czas czytania\" \/>\n\t<meta name=\"twitter:data1\" content=\"10 minut\" \/>\n<script type=\"application\/ld+json\" class=\"yoast-schema-graph\">{\"@context\":\"https:\/\/schema.org\",\"@graph\":[{\"@type\":\"Organization\",\"@id\":\"https:\/\/kwiaciarniazywiec.pl\/#organization\",\"name\":\"Magia Kwiat\u00f3w Ma\u0142gorzata Dudek\",\"url\":\"https:\/\/kwiaciarniazywiec.pl\/\",\"sameAs\":[\"https:\/\/www.facebook.com\/pages\/Magia-Kwiat\u00f3w\/940651889279265?ref=hl\"],\"logo\":{\"@type\":\"ImageObject\",\"@id\":\"https:\/\/kwiaciarniazywiec.pl\/#logo\",\"inLanguage\":\"pl-PL\",\"url\":\"https:\/\/kwiaciarniazywiec.pl\/wp-content\/uploads\/2014\/12\/samologo.png\",\"contentUrl\":\"https:\/\/kwiaciarniazywiec.pl\/wp-content\/uploads\/2014\/12\/samologo.png\",\"width\":6012,\"height\":571,\"caption\":\"Magia Kwiat\u00f3w Ma\u0142gorzata Dudek\"},\"image\":{\"@id\":\"https:\/\/kwiaciarniazywiec.pl\/#logo\"}},{\"@type\":\"WebSite\",\"@id\":\"https:\/\/kwiaciarniazywiec.pl\/#website\",\"url\":\"https:\/\/kwiaciarniazywiec.pl\/\",\"name\":\"Kwiaciarnia \u017bywiec - Magia Kwiat&oacute;w Ma\u0142gorzata Dudek\",\"description\":\"Kwiaciarnia \u017bywiec - Magia Kwiat&oacute;w Ma\u0142gorzata Dudek\",\"publisher\":{\"@id\":\"https:\/\/kwiaciarniazywiec.pl\/#organization\"},\"potentialAction\":[{\"@type\":\"SearchAction\",\"target\":{\"@type\":\"EntryPoint\",\"urlTemplate\":\"https:\/\/kwiaciarniazywiec.pl\/?s={search_term_string}\"},\"query-input\":\"required name=search_term_string\"}],\"inLanguage\":\"pl-PL\"},{\"@type\":\"ImageObject\",\"@id\":\"https:\/\/kwiaciarniazywiec.pl\/?page_id=367#primaryimage\",\"inLanguage\":\"pl-PL\",\"url\":\"https:\/\/kwiaciarniazywiec.pl\/wp-content\/uploads\/2019\/01\/flogo_rgb_hex-brc-site-250.png\",\"contentUrl\":\"https:\/\/kwiaciarniazywiec.pl\/wp-content\/uploads\/2019\/01\/flogo_rgb_hex-brc-site-250.png\",\"width\":250,\"height\":250},{\"@type\":\"WebPage\",\"@id\":\"https:\/\/kwiaciarniazywiec.pl\/?page_id=367#webpage\",\"url\":\"https:\/\/kwiaciarniazywiec.pl\/?page_id=367\",\"name\":\"Kwiaciarnia \u017bywiec - Magia Kwiat\u00f3w Ma\u0142gorzata Dudek\",\"isPartOf\":{\"@id\":\"https:\/\/kwiaciarniazywiec.pl\/#website\"},\"primaryImageOfPage\":{\"@id\":\"https:\/\/kwiaciarniazywiec.pl\/?page_id=367#primaryimage\"},\"datePublished\":\"2014-07-21T15:59:54+00:00\",\"dateModified\":\"2024-01-17T19:31:27+00:00\",\"description\":\"Kwiaciarnia \u017bywiec Magia Kwiat\u00f3w jak nazwa m\u00f3wi jest to miejsce magiczne. Dostawa kwiat\u00f3w \u017bywiec i okolice, zam\u00f3w kwiaty online, wy\u015blij kwiaty \u017bywiec.\",\"breadcrumb\":{\"@id\":\"https:\/\/kwiaciarniazywiec.pl\/?page_id=367#breadcrumb\"},\"inLanguage\":\"pl-PL\",\"potentialAction\":[{\"@type\":\"ReadAction\",\"target\":[\"https:\/\/kwiaciarniazywiec.pl\/?page_id=367\"]}]},{\"@type\":\"BreadcrumbList\",\"@id\":\"https:\/\/kwiaciarniazywiec.pl\/?page_id=367#breadcrumb\",\"itemListElement\":[{\"@type\":\"ListItem\",\"position\":1,\"name\":\"Strona g\u0142\u00f3wna\",\"item\":\"https:\/\/kwiaciarniazywiec.pl\/?page_id=367\"},{\"@type\":\"ListItem\",\"position\":2,\"name\":\"Kwiaty\"}]}]}<\/script>\n<!-- \/ Yoast SEO plugin. -->","yoast_head_json":{"title":"Kwiaciarnia \u017bywiec - Magia Kwiat\u00f3w Ma\u0142gorzata Dudek","description":"Kwiaciarnia \u017bywiec Magia Kwiat\u00f3w jak nazwa m\u00f3wi jest to miejsce magiczne. Dostawa kwiat\u00f3w \u017bywiec i okolice, zam\u00f3w kwiaty online, wy\u015blij kwiaty \u017bywiec.","robots":{"index":"index","follow":"follow","max-snippet":"max-snippet:-1","max-image-preview":"max-image-preview:large","max-video-preview":"max-video-preview:-1"},"canonical":"https:\/\/kwiaciarniazywiec.pl\/?page_id=367","og_locale":"pl_PL","og_type":"article","og_title":"Kwiaciarnia \u017bywiec - Magia Kwiat\u00f3w Ma\u0142gorzata Dudek","og_description":"Kwiaciarnia \u017bywiec Magia Kwiat\u00f3w jak nazwa m\u00f3wi jest to miejsce magiczne. Dostawa kwiat\u00f3w \u017bywiec i okolice, zam\u00f3w kwiaty online, wy\u015blij kwiaty \u017bywiec.","og_url":"https:\/\/kwiaciarniazywiec.pl\/?page_id=367","og_site_name":"Kwiaciarnia \u017bywiec - Magia Kwiat&oacute;w Ma\u0142gorzata Dudek","article_publisher":"https:\/\/www.facebook.com\/pages\/Magia-Kwiat%c3%b3w\/940651889279265?ref=hl","article_modified_time":"2024-01-17T19:31:27+00:00","og_image":[{"url":"https:\/\/kwiaciarniazywiec.pl\/wp-content\/uploads\/2019\/01\/flogo_rgb_hex-brc-site-250-80x80.png"}],"twitter_card":"summary","twitter_misc":{"Szacowany czas czytania":"10 minut"},"schema":{"@context":"https:\/\/schema.org","@graph":[{"@type":"Organization","@id":"https:\/\/kwiaciarniazywiec.pl\/#organization","name":"Magia Kwiat\u00f3w Ma\u0142gorzata Dudek","url":"https:\/\/kwiaciarniazywiec.pl\/","sameAs":["https:\/\/www.facebook.com\/pages\/Magia-Kwiat\u00f3w\/940651889279265?ref=hl"],"logo":{"@type":"ImageObject","@id":"https:\/\/kwiaciarniazywiec.pl\/#logo","inLanguage":"pl-PL","url":"https:\/\/kwiaciarniazywiec.pl\/wp-content\/uploads\/2014\/12\/samologo.png","contentUrl":"https:\/\/kwiaciarniazywiec.pl\/wp-content\/uploads\/2014\/12\/samologo.png","width":6012,"height":571,"caption":"Magia Kwiat\u00f3w Ma\u0142gorzata Dudek"},"image":{"@id":"https:\/\/kwiaciarniazywiec.pl\/#logo"}},{"@type":"WebSite","@id":"https:\/\/kwiaciarniazywiec.pl\/#website","url":"https:\/\/kwiaciarniazywiec.pl\/","name":"Kwiaciarnia \u017bywiec - Magia Kwiat&oacute;w Ma\u0142gorzata Dudek","description":"Kwiaciarnia \u017bywiec - Magia Kwiat&oacute;w Ma\u0142gorzata Dudek","publisher":{"@id":"https:\/\/kwiaciarniazywiec.pl\/#organization"},"potentialAction":[{"@type":"SearchAction","target":{"@type":"EntryPoint","urlTemplate":"https:\/\/kwiaciarniazywiec.pl\/?s={search_term_string}"},"query-input":"required name=search_term_string"}],"inLanguage":"pl-PL"},{"@type":"ImageObject","@id":"https:\/\/kwiaciarniazywiec.pl\/?page_id=367#primaryimage","inLanguage":"pl-PL","url":"https:\/\/kwiaciarniazywiec.pl\/wp-content\/uploads\/2019\/01\/flogo_rgb_hex-brc-site-250.png","contentUrl":"https:\/\/kwiaciarniazywiec.pl\/wp-content\/uploads\/2019\/01\/flogo_rgb_hex-brc-site-250.png","width":250,"height":250},{"@type":"WebPage","@id":"https:\/\/kwiaciarniazywiec.pl\/?page_id=367#webpage","url":"https:\/\/kwiaciarniazywiec.pl\/?page_id=367","name":"Kwiaciarnia \u017bywiec - Magia Kwiat\u00f3w Ma\u0142gorzata Dudek","isPartOf":{"@id":"https:\/\/kwiaciarniazywiec.pl\/#website"},"primaryImageOfPage":{"@id":"https:\/\/kwiaciarniazywiec.pl\/?page_id=367#primaryimage"},"datePublished":"2014-07-21T15:59:54+00:00","dateModified":"2024-01-17T19:31:27+00:00","description":"Kwiaciarnia \u017bywiec Magia Kwiat\u00f3w jak nazwa m\u00f3wi jest to miejsce magiczne. Dostawa kwiat\u00f3w \u017bywiec i okolice, zam\u00f3w kwiaty online, wy\u015blij kwiaty \u017bywiec.","breadcrumb":{"@id":"https:\/\/kwiaciarniazywiec.pl\/?page_id=367#breadcrumb"},"inLanguage":"pl-PL","potentialAction":[{"@type":"ReadAction","target":["https:\/\/kwiaciarniazywiec.pl\/?page_id=367"]}]},{"@type":"BreadcrumbList","@id":"https:\/\/kwiaciarniazywiec.pl\/?page_id=367#breadcrumb","itemListElement":[{"@type":"ListItem","position":1,"name":"Strona g\u0142\u00f3wna","item":"https:\/\/kwiaciarniazywiec.pl\/?page_id=367"},{"@type":"ListItem","position":2,"name":"Kwiaty"}]}]}},"jetpack_sharing_enabled":true,"jetpack_shortlink":"https:\/\/wp.me\/P5tTF8-5V","_links":{"self":[{"href":"https:\/\/kwiaciarniazywiec.pl\/index.php?rest_route=\/wp\/v2\/pages\/367"}],"collection":[{"href":"https:\/\/kwiaciarniazywiec.pl\/index.php?rest_route=\/wp\/v2\/pages"}],"about":[{"href":"https:\/\/kwiaciarniazywiec.pl\/index.php?rest_route=\/wp\/v2\/types\/page"}],"author":[{"embeddable":true,"href":"https:\/\/kwiaciarniazywiec.pl\/index.php?rest_route=\/wp\/v2\/users\/1"}],"replies":[{"embeddable":true,"href":"https:\/\/kwiaciarniazywiec.pl\/index.php?rest_route=%2Fwp%2Fv2%2Fcomments&post=367"}],"version-history":[{"count":170,"href":"https:\/\/kwiaciarniazywiec.pl\/index.php?rest_route=\/wp\/v2\/pages\/367\/revisions"}],"predecessor-version":[{"id":672,"href":"https:\/\/kwiaciarniazywiec.pl\/index.php?rest_route=\/wp\/v2\/pages\/367\/revisions\/672"}],"wp:attachment":[{"href":"https:\/\/kwiaciarniazywiec.pl\/index.php?rest_route=%2Fwp%2Fv2%2Fmedia&parent=367"}],"curies":[{"name":"wp","href":"https:\/\/api.w.org\/{rel}","templated":true}]}}